{"id":9842,"date":"2023-04-25T11:38:07","date_gmt":"2023-04-25T08:38:07","guid":{"rendered":"https:\/\/zerowebdemo.com\/rijit\/?page_id=9842"},"modified":"2024-11-21T19:27:57","modified_gmt":"2024-11-21T16:27:57","slug":"tamamlanan-projeler","status":"publish","type":"page","link":"https:\/\/www.rijitmuhendislik.com\/en\/rijit-project\/completed-projects\/","title":{"rendered":"Completed Projects"},"content":{"rendered":"<div data-elementor-type=\"wp-page\" data-elementor-id=\"9842\" class=\"elementor elementor-9842\">\n\t\t\t\t\t\t\t\t\t<section class=\"elementor-section elementor-top-section elementor-element elementor-element-46e4a46 elementor-section-boxed elementor-section-height-default elementor-section-height-default\" data-id=\"46e4a46\" data-element_type=\"section\">\n\t\t\t\t\t\t<div class=\"elementor-container elementor-column-gap-default\">\n\t\t\t\t\t<div class=\"elementor-column elementor-col-100 elementor-top-column elementor-element elementor-element-bb4a44b\" data-id=\"bb4a44b\" data-element_type=\"column\">\n\t\t\t<div class=\"elementor-widget-wrap elementor-element-populated\">\n\t\t\t\t\t\t\t\t<div class=\"elementor-element elementor-element-7edff99 elementor-widget elementor-widget-text-editor\" data-id=\"7edff99\" data-element_type=\"widget\" data-widget_type=\"text-editor.default\">\n\t\t\t\t<div class=\"elementor-widget-container\">\n\t\t\t<style>\/*! elementor - v3.12.2 - 23-04-2023 *\/\n.elementor-widget-text-editor.elementor-drop-cap-view-stacked .elementor-drop-cap{background-color:#69727d;color:#fff}.elementor-widget-text-editor.elementor-drop-cap-view-framed .elementor-drop-cap{color:#69727d;border:3px solid;background-color:transparent}.elementor-widget-text-editor:not(.elementor-drop-cap-view-default) .elementor-drop-cap{margin-top:8px}.elementor-widget-text-editor:not(.elementor-drop-cap-view-default) .elementor-drop-cap-letter{width:1em;height:1em}.elementor-widget-text-editor .elementor-drop-cap{float:left;text-align:center;line-height:1;font-size:50px}.elementor-widget-text-editor .elementor-drop-cap-letter{display:inline-block}<\/style>\t\t\t\t<!-- wp:table -->\n<figure class=\"wp-block-table\">\n<table class=\"has-fixed-layout\">\n<tbody>\n<tr>\n<td><strong>PROJECT NAME<\/strong><\/td>\n<td><strong>BUILDING AREA<\/strong><\/td>\n<td><strong>YEAR<\/strong><\/td>\n<td><strong>EXPLANATION<\/strong><\/td>\n<\/tr>\n<tr>\n<td>EBSO H\u0130ZMET B\u0130NASI<\/td>\n<td>8.000 m\u00b2<\/td>\n<td>2024<\/td>\n<td>T\u00dcM STAT\u0130K PROJELER<\/td>\n<\/tr>\n<tr>\n<td>MANDELAS UBUNTU HILLTOWN<\/td>\n<td>1.000 m\u00b2<\/td>\n<td>2023<\/td>\n<td>T\u00dcM STAT\u0130K PROJELER<\/td>\n<\/tr>\n<tr>\n<td>ATILGAN POL\u0130MER<\/td>\n<td>14.000 m\u00b2<\/td>\n<td>2023<\/td>\n<td>T\u00dcM STAT\u0130K PROJELER<\/td>\n<\/tr>\n<tr>\n<td>AVEK \u00dcMRAN\u0130YE SATI\u015e OF\u0130S\u0130<\/td>\n<td>800 m\u00b2<\/td>\n<td>2023<\/td>\n<td>T\u00dcM STAT\u0130K PROJELER<\/td>\n<\/tr>\n<tr>\n<td>SEREL<\/td>\n<td>16.000 m\u00b2<\/td>\n<td>2022<\/td>\n<td>T\u00dcM STAT\u0130K PROJELER<\/td>\n<\/tr>\n<tr>\n<td>AVEK OTOMOT\u0130V \u00c7\u0130\u011eL\u0130<\/td>\n<td>14.000 m\u00b2<\/td>\n<td>2022<\/td>\n<td>STRUCTURAL STEEL PROJECTS<\/td>\n<\/tr>\n<tr>\n<td>POL\u0130BAK BOPP METAL\u0130ZE<\/td>\n<td>7.000 m\u00b2<\/td>\n<td>2022<\/td>\n<td>T\u00dcM STAT\u0130K PROJELER<\/td>\n<\/tr>\n<tr>\n<td>SADEF GIDA<\/td>\n<td>12.000 m\u00b2<\/td>\n<td>2021<\/td>\n<td>T\u00dcM STAT\u0130K PROJELER<\/td>\n<\/tr>\n<tr>\n<td>SOCOTAB T\u00dcT\u00dcN DEPOSU<\/td>\n<td>9.000 m\u00b2<\/td>\n<td>2021<\/td>\n<td>PERFORMANS ANAL\u0130Z\u0130<\/td>\n<\/tr>\n<tr>\n<td>SAFE SPICE \u0130DAR\u0130 B\u0130NA<\/td>\n<td>500 m\u00b2<\/td>\n<td>2021<\/td>\n<td>PERFORMANS ANAL\u0130Z\u0130<\/td>\n<\/tr>\n<tr>\n<td>JTI TORBALI TES\u0130SLER\u0130 G\u00dcVENL\u0130K B\u0130NALARI<\/td>\n<td>600 m\u00b2<\/td>\n<td>2021<\/td>\n<td>T\u00dcM STAT\u0130K PROJELER<\/td>\n<\/tr>\n<tr>\n<td>BAERLOCHER \u0130DAR\u0130 B\u0130NA<\/td>\n<td>3.000 m\u00b2<\/td>\n<td>2021<\/td>\n<td>T\u00dcM STAT\u0130K PROJELER<\/td>\n<\/tr>\n<tr>\n<td>IMPERIAL TOBACCO<\/td>\n<td>28.000 m\u00b2<\/td>\n<td>2021<\/td>\n<td>PERFORMANS ANAL\u0130Z\u0130<\/td>\n<\/tr>\n<tr>\n<td>FOLKART KONAK SATI\u015e OF\u0130S\u0130<\/td>\n<td>700 m\u00b2<\/td>\n<td>2021<\/td>\n<td>T\u00dcM STAT\u0130K PROJELER<\/td>\n<\/tr>\n<tr>\n<td>G\u00dcNSEL ARABA FABR\u0130KASI<\/td>\n<td>6.000 m\u00b2<\/td>\n<td>2020<\/td>\n<td>T\u00dcM STAT\u0130K PROJELER<\/td>\n<\/tr>\n<tr>\n<td>YAKIN DO\u011eU \u00dcN\u0130VERS\u0130TES\u0130 SPOR SALONU<\/td>\n<td>4.000 m\u00b2<\/td>\n<td>2020<\/td>\n<td>T\u00dcM STAT\u0130K PROJELER<\/td>\n<\/tr>\n<tr>\n<td>MURAD\u0130YE OSB<\/td>\n<td>16.000 m\u00b2<\/td>\n<td>2020<\/td>\n<td>T\u00dcM STAT\u0130K PROJELER<\/td>\n<\/tr>\n<tr>\n<td>FAR K\u00dcLT\u00dcR BODRUM<\/td>\n<td>1.200 m\u00b2<\/td>\n<td>2020<\/td>\n<td>T\u00dcM STAT\u0130K PROJELER<\/td>\n<\/tr>\n<tr>\n<td>BANV\u0130T BANDIRMA TES\u0130SLER\u0130<\/td>\n<td>8.000 m\u00b2<\/td>\n<td>2020<\/td>\n<td>T\u00dcM STAT\u0130K PROJELER<\/td>\n<\/tr>\n<tr>\n<td>CYPRUS MUSEUM OF MODERN ART<\/td>\n<td>10.000 m\u00b2<\/td>\n<td>2019<\/td>\n<td>T\u00dcM STAT\u0130K PROJELER<\/td>\n<\/tr>\n<tr>\n<td>VESTEL MOSB KITCHEN BUILDING<\/td>\n<td>6.000 m\u00b2<\/td>\n<td>2019<\/td>\n<td>T\u00dcM STAT\u0130K PROJELER<\/td>\n<\/tr>\n<tr>\n<td>EGE PROFILE TRIGEN BUILDING<\/td>\n<td>1.000 m\u00b2<\/td>\n<td>2018<\/td>\n<td>T\u00dcM STAT\u0130K PROJELER<\/td>\n<\/tr>\n<tr>\n<td>PWF AVIATION ESBAS ADMINISTRATIVE BUILDING<\/td>\n<td>2.500 m\u00b2<\/td>\n<td>2018<\/td>\n<td>T\u00dcM STAT\u0130K PROJELER<\/td>\n<\/tr>\n<tr>\n<td>T\u00dcRK TUBORG ADMINISTRATIVE BUILDING<\/td>\n<td>2.500 m\u00b2<\/td>\n<td>2018<\/td>\n<td>T\u00dcM STAT\u0130K PROJELER<\/td>\n<\/tr>\n<tr>\n<td>U\u011eUR SCHOOLS NARLIDERE<\/td>\n<td>10.000 m\u00b2<\/td>\n<td>2018<\/td>\n<td>T\u00dcM STAT\u0130K PROJELER<\/td>\n<\/tr>\n<tr>\n<td>ANKARA ETLIK HEALTH CAMPUS<\/td>\n<td>1.000 m\u00b2<\/td>\n<td>2018<\/td>\n<td>\u00c7EL\u0130K KONSTR\u00dcKS\u0130YON STAT\u0130K VE \u0130MALAT PROJELER\u0130<\/td>\n<\/tr>\n<tr>\n<td>D\u00d6NMEZ DEBRI\u0307YAJ KEMALPA\u015eA OSB<\/td>\n<td>5.000 m\u00b2<\/td>\n<td>2018<\/td>\n<td>PERFORMANS ANAL\u0130Z\u0130 VE G\u00dc\u00c7LEND\u0130RME PROJELER\u0130<\/td>\n<\/tr>\n<tr>\n<td>FOLKART VEGA SALES OFFICE<\/td>\n<td>1.000 m\u00b2<\/td>\n<td>2018<\/td>\n<td>\u00c7EL\u0130K KONSTR\u00dcKS\u0130YON STAT\u0130K VE \u0130MALAT PROJELER\u0130<\/td>\n<\/tr>\n<tr>\n<td>STAR REFINERY TRANSFORMER BUILDING\u00a0<\/td>\n<td>3.000 m\u00b2<\/td>\n<td>2017<\/td>\n<td>T\u00dcM STAT\u0130K PROJELER<\/td>\n<\/tr>\n<tr>\n<td>SAFE SPICE ESBAS WAREHOUSE BUILDING<\/td>\n<td>3.000 m\u00b2<\/td>\n<td>2017<\/td>\n<td>T\u00dcM STAT\u0130K PROJELER<\/td>\n<\/tr>\n<tr>\n<td>YUDUM SAVOLA AYVALIK FACILITIES<\/td>\n<td>12.000 m\u00b2<\/td>\n<td>2017<\/td>\n<td>T\u00dcM STAT\u0130K PROJELER<\/td>\n<\/tr>\n<tr>\n<td>ARKIN COLONY HOTEL &amp; CASINO GUINEA<\/td>\n<td>5.000 m\u00b2<\/td>\n<td>2017<\/td>\n<td>PERFORMANS ANAL\u0130Z\u0130 VE G\u00dc\u00c7LEND\u0130RME PROJELER\u0130<\/td>\n<\/tr>\n<tr>\n<td>METROPOL SUPERMARKET GUINEA<\/td>\n<td>3.000 m\u00b2<\/td>\n<td>2017<\/td>\n<td>PERFORMANS ANAL\u0130Z\u0130 VE G\u00dc\u00c7LEND\u0130RME PROJELER\u0130<\/td>\n<\/tr>\n<tr>\n<td>YD\u00dc G\u00dcNSEL TECHNOPARK<\/td>\n<td>8.000 m\u00b2<\/td>\n<td>2017<\/td>\n<td>\u00c7EL\u0130K KONSTR\u00dcKS\u0130YON STAT\u0130K VE \u0130MALAT PROJELER\u0130<\/td>\n<\/tr>\n<tr>\n<td>MAHYR MELNOFF TIRE 2. GROWTH PROJECTS<\/td>\n<td>4.000 m\u00b2<\/td>\n<td>2016<\/td>\n<td>T\u00dcM STAT\u0130K PROJELER<\/td>\n<\/tr>\n<tr>\n<td>JTI IRAN\/ZENJAN FACILITIES<\/td>\n<td>10.000 m\u00b2<\/td>\n<td>2016<\/td>\n<td>T\u00dcM STAT\u0130K PROJELER<\/td>\n<\/tr>\n<tr>\n<td>ATATURK AIRPORT EXPANSION<\/td>\n<td>5.000 m\u00b2<\/td>\n<td>2016<\/td>\n<td>\u00c7EL\u0130K KONSTR\u00dcKS\u0130YON STAT\u0130K VE \u0130MALAT PROJELER\u0130<\/td>\n<\/tr>\n<tr>\n<td>JTI TORBALI FACILITIES 5TH EXPANSION\u00a0<\/td>\n<td>10.000 m\u00b2<\/td>\n<td>2016<\/td>\n<td>T\u00dcM STAT\u0130K PROJELER<\/td>\n<\/tr>\n<tr>\n<td>K\u00dc\u00c7\u00dcK\u00c7EKMECE MUNICIPALITY VIEWING TERRACES<\/td>\n<td>2.000 m\u00b2<\/td>\n<td>2016<\/td>\n<td>T\u00dcM STAT\u0130K PROJELER<\/td>\n<\/tr>\n<tr>\n<td>TESCO KI\u0307PA CI\u0307\u011eLI\u0307 A1 BLOCK<\/td>\n<td>2.500 m\u00b2<\/td>\n<td>2015<\/td>\n<td>PERFORMANS ANAL\u0130Z\u0130 VE G\u00dc\u00c7LEND\u0130RME PROJELER\u0130<\/td>\n<\/tr>\n<tr>\n<td>EGEPROFI\u0307L A.\u015e. MENEMEN FACILITIES<\/td>\n<td>80.000 m\u00b2<\/td>\n<td>2015<\/td>\n<td>PERFORMANS ANAL\u0130Z\u0130 VE G\u00dc\u00c7LEND\u0130RME PROJELER\u0130<\/td>\n<\/tr>\n<tr>\n<td>SE\u00c7K\u0130N COLLEGE G\u00dcZELBAHCE PROJECT<\/td>\n<td>6.000 m\u00b2<\/td>\n<td>2014<\/td>\n<td>T\u00dcM STAT\u0130K PROJELER<\/td>\n<\/tr>\n<tr>\n<td>RAVAGO PETROCHEMICAL PLANT<\/td>\n<td>5.000 m\u00b2<\/td>\n<td>2014<\/td>\n<td>T\u00dcM STAT\u0130K PROJELER<\/td>\n<\/tr>\n<tr>\n<td>BAERLOCHER FACTORY PRODUCTION BUILDING<\/td>\n<td>6.000 m\u00b2<\/td>\n<td>2014<\/td>\n<td>\u00c7EL\u0130K KONSTR\u00dcKS\u0130YON STAT\u0130K VE \u0130MALAT PROJELER\u0130<\/td>\n<\/tr>\n<tr>\n<td>KU\u015eADASI SEALIGHT HOTEL<\/td>\n<td>2.500 m\u00b2<\/td>\n<td>2014<\/td>\n<td>\u00c7ATI \u00c7EL\u0130\u011e\u0130 STAT\u0130K VE \u0130MALAT PROJELER\u0130<\/td>\n<\/tr>\n<tr>\n<td>PASA CAKE HOUSE URLA RESTORATION<\/td>\n<td>200 m\u00b2<\/td>\n<td>2013<\/td>\n<td>G\u00dc\u00c7LEND\u0130RME VE \u00c7EL\u0130K PROJELER\u0130<\/td>\n<\/tr>\n<tr>\n<td>ADNAN MENDERES AIRPORT INTERIOR GARDENS<\/td>\n<td>4.000 m\u00b2<\/td>\n<td>2013<\/td>\n<td>CEPHE KONSTR\u00dcKS\u0130YONU STAT\u0130K VE \u0130MALAT PROJELER\u0130<\/td>\n<\/tr>\n<tr>\n<td>TESCO KI\u0307PA DI\u0307DI\u0307M AVM<\/td>\n<td>6.000 m\u00b2<\/td>\n<td>2013<\/td>\n<td>T\u00dcM STAT\u0130K PROJELER<\/td>\n<\/tr>\n<\/tbody>\n<\/table>\n<\/figure>\n<!-- \/wp:table -->\n<p>\u00a0<\/p>\t\t\t\t\t\t<\/div>\n\t\t\t\t<\/div>\n\t\t\t\t\t<\/div>\n\t\t<\/div>\n\t\t\t\t\t\t\t<\/div>\n\t\t<\/section>\n\t\t\t\t<section class=\"elementor-section elementor-top-section elementor-element elementor-element-7215e86 elementor-section-full_width elementor-section-height-default elementor-section-height-default\" data-id=\"7215e86\" data-element_type=\"section\" data-settings=\"{&quot;background_background&quot;:&quot;classic&quot;}\">\n\t\t\t\t\t\t<div class=\"elementor-container elementor-column-gap-no\">\n\t\t\t\t\t<div class=\"elementor-column elementor-col-100 elementor-top-column elementor-element elementor-element-91fdf85\" data-id=\"91fdf85\" data-element_type=\"column\">\n\t\t\t<div class=\"elementor-widget-wrap elementor-element-populated\">\n\t\t\t\t\t\t\t\t<section data-custom-animations=\"true\" data-ca-options=\"{&quot;addChildTimelines&quot;:false,&quot;animationTarget&quot;:&quot;:scope &gt; .elementor-container &gt; .elementor-column&quot;,&quot;ease&quot;:[&quot;power4.out&quot;],&quot;initValues&quot;:{&quot;x&quot;:&quot;60px&quot;,&quot;rotationY&quot;:-30,&quot;opacity&quot;:0},&quot;animations&quot;:{&quot;x&quot;:&quot;0px&quot;,&quot;rotationY&quot;:0,&quot;opacity&quot;:1}}\" class=\"elementor-section elementor-inner-section elementor-element elementor-element-66fa070 elementor-section-boxed elementor-section-height-default elementor-section-height-default\" data-id=\"66fa070\" data-element_type=\"section\">\n\t\t\t\t\t\t<div class=\"elementor-container elementor-column-gap-default\">\n\t\t\t\t\t<div class=\"elementor-column elementor-col-33 elementor-inner-column elementor-element elementor-element-c746fa6\" data-id=\"c746fa6\" data-element_type=\"column\">\n\t\t\t<div class=\"elementor-widget-wrap elementor-element-populated\">\n\t\t\t\t\t\t\t\t<div class=\"elementor-element elementor-element-453bcbc elementor-align-left elementor-widget elementor-widget-ld_icon_box\" data-id=\"453bcbc\" data-element_type=\"widget\" data-widget_type=\"ld_icon_box.default\">\n\t\t\t\t<div class=\"elementor-widget-container\">\n\t\t\t\n\t\t\t<div id=\"ld_icon_box_453bcbc\" class=\"iconbox d-flex flex-grow-1 pos-rel flex-column iconbox-default\"   >\n\t\t\t\t\n\t\t\t\t\t\n\t\t\t\t\n\t\t\t\t<div class=\"iconbox-icon-wrap\"><div class=\"iconbox-icon-container d-inline-flex\"><i aria-hidden=\"true\" class=\"lqd-icn-ess icon-lqd-circle\"><\/i><\/div><\/div>\t\t\t\t\n\t\t\t\t\t\t\t\t\n\t\t\t\t<div class=\"contents\">\t\t\t\t\n\t\t\t\t\t\t\t\t\n\t\t\t\t<h3 class=\"lqd-iconbox-heading\" >Rijit Project <\/h3>\t\t\t\t<p class=\"lqd-iconbox-content\">Started in 2013, our company has been working in the fields of industrial buildings, solar power plants, shopping malls and housing projects.<\/p>\n\t\t\t\t\t\n\t\t\t\t<a href=\"https:\/\/www.rijitmuhendislik.com\/en\/rijit-project\/\" class=\"elementor-button btn align-items-center justify-content-center pos-rel overflow-hidden ws-nowrap btn-naked btn-hover-txt-liquid-x btn-icon-right btn-has-label\" >\n\t\t\t\t\t\t\t\t\t\t<span class=\"btn-txt d-block pos-rel z-index-3\"  data-text=\"\u0130ncele\" data-split-text=\"true\" data-split-options='{\"type\": \"chars, words\"}'>\n\t\t\t\t\t\t\t\t\t\t\t\t\tReview\t\t\t\t\t\t\t\t\t\t\t<\/span>\n\t\t\t\t\t\t\t\t\t<span class=\"btn-icon pos-rel z-index-3\"><i class=\"lqd-icn-ess icon-ion-ios-arrow-forward\"><\/i><\/span>\t\t\t\t<\/a>\n\n\t\t\t\t\t\t\t\t\n\t\t\t\t<\/div>\t\t\t\t\n\t\t\t\t<a href=\"https:\/\/www.rijitmuhendislik.com\/en\/rijit-project\/\" class=\"lqd-overlay z-index-2\" target=\"_self\"><\/a>\n\t\t\t<\/div>\n\n\t\t\t\t<\/div>\n\t\t\t\t<\/div>\n\t\t\t\t\t<\/div>\n\t\t<\/div>\n\t\t\t\t<div class=\"elementor-column elementor-col-33 elementor-inner-column elementor-element elementor-element-c538708\" data-id=\"c538708\" data-element_type=\"column\">\n\t\t\t<div class=\"elementor-widget-wrap elementor-element-populated\">\n\t\t\t\t\t\t\t\t<div class=\"elementor-element elementor-element-f7f20ee elementor-align-left elementor-widget elementor-widget-ld_icon_box\" data-id=\"f7f20ee\" data-element_type=\"widget\" data-widget_type=\"ld_icon_box.default\">\n\t\t\t\t<div class=\"elementor-widget-container\">\n\t\t\t\n\t\t\t<div id=\"ld_icon_box_f7f20ee\" class=\"iconbox d-flex flex-grow-1 pos-rel flex-column iconbox-default\"   >\n\t\t\t\t\n\t\t\t\t\t\n\t\t\t\t\n\t\t\t\t<div class=\"iconbox-icon-wrap\"><div class=\"iconbox-icon-container d-inline-flex\"><i aria-hidden=\"true\" class=\"lqd-icn-ess icon-lqd-circle\"><\/i><\/div><\/div>\t\t\t\t\n\t\t\t\t\t\t\t\t\n\t\t\t\t<div class=\"contents\">\t\t\t\t\n\t\t\t\t\t\t\t\t\n\t\t\t\t<h3 class=\"lqd-iconbox-heading\" >Fields of Activity <\/h3>\t\t\t\t<p class=\"lqd-iconbox-content\">Structural steel projects, housing, shopping mall projects, earthquake performance analysis, facade load-bearing steel construction projects and more...<\/p>\n\t\t\t\t\t\n\t\t\t\t<a href=\"https:\/\/www.rijitmuhendislik.com\/en\/rijit-project\/activity-areas\/\" class=\"elementor-button btn align-items-center justify-content-center pos-rel overflow-hidden ws-nowrap btn-naked btn-hover-txt-liquid-x btn-icon-right btn-has-label\" >\n\t\t\t\t\t\t\t\t\t\t<span class=\"btn-txt d-block pos-rel z-index-3\"  data-text=\"\u0130ncele\" data-split-text=\"true\" data-split-options='{\"type\": \"chars, words\"}'>\n\t\t\t\t\t\t\t\t\t\t\t\t\tReview\t\t\t\t\t\t\t\t\t\t\t<\/span>\n\t\t\t\t\t\t\t\t\t<span class=\"btn-icon pos-rel z-index-3\"><i class=\"lqd-icn-ess icon-ion-ios-arrow-forward\"><\/i><\/span>\t\t\t\t<\/a>\n\n\t\t\t\t\t\t\t\t\n\t\t\t\t<\/div>\t\t\t\t\n\t\t\t\t<a href=\"https:\/\/www.rijitmuhendislik.com\/en\/rijit-project\/activity-areas\/\" class=\"lqd-overlay z-index-2\" target=\"_self\"><\/a>\n\t\t\t<\/div>\n\n\t\t\t\t<\/div>\n\t\t\t\t<\/div>\n\t\t\t\t\t<\/div>\n\t\t<\/div>\n\t\t\t\t<div class=\"elementor-column elementor-col-33 elementor-inner-column elementor-element elementor-element-bc2b9d1\" data-id=\"bc2b9d1\" data-element_type=\"column\">\n\t\t\t<div class=\"elementor-widget-wrap elementor-element-populated\">\n\t\t\t\t\t\t\t\t<div class=\"elementor-element elementor-element-6299865 elementor-align-left elementor-widget elementor-widget-ld_icon_box\" data-id=\"6299865\" data-element_type=\"widget\" data-widget_type=\"ld_icon_box.default\">\n\t\t\t\t<div class=\"elementor-widget-container\">\n\t\t\t\n\t\t\t<div id=\"ld_icon_box_6299865\" class=\"iconbox d-flex flex-grow-1 pos-rel flex-column iconbox-default\"   >\n\t\t\t\t\n\t\t\t\t\t\n\t\t\t\t\n\t\t\t\t<div class=\"iconbox-icon-wrap\"><div class=\"iconbox-icon-container d-inline-flex\"><i aria-hidden=\"true\" class=\"lqd-icn-ess icon-lqd-circle\"><\/i><\/div><\/div>\t\t\t\t\n\t\t\t\t\t\t\t\t\n\t\t\t\t<div class=\"contents\">\t\t\t\t\n\t\t\t\t\t\t\t\t\n\t\t\t\t<h3 class=\"lqd-iconbox-heading\" >Licenses <\/h3>\t\t\t\t<p class=\"lqd-iconbox-content\">As Rijit Proje, we are familiar with the finest details with our experienced staff and state-of-the-art programs.<\/p>\n\t\t\t\t\t\n\t\t\t\t<a href=\"https:\/\/www.rijitmuhendislik.com\/en\/rijit-project\/licenses\/\" class=\"elementor-button btn align-items-center justify-content-center pos-rel overflow-hidden ws-nowrap btn-naked btn-hover-txt-liquid-x-alt btn-icon-right btn-has-label\" >\n\t\t\t\t\t\t\t\t\t\t<span class=\"btn-txt d-block pos-rel z-index-3\"  data-text=\"\u0130ncele\" data-split-text=\"true\" data-split-options='{\"type\": \"chars, words\"}'>\n\t\t\t\t\t\t\t\t\t\t\t\t\tReview\t\t\t\t\t\t\t\t\t\t\t<\/span>\n\t\t\t\t\t\t\t\t\t<span class=\"btn-icon pos-rel z-index-3\"><i class=\"lqd-icn-ess icon-ion-ios-arrow-forward\"><\/i><\/span>\t\t\t\t<\/a>\n\n\t\t\t\t\t\t\t\t\n\t\t\t\t<\/div>\t\t\t\t\n\t\t\t\t<a href=\"https:\/\/www.rijitmuhendislik.com\/en\/rijit-project\/licenses\/\" class=\"lqd-overlay z-index-2\" target=\"_self\"><\/a>\n\t\t\t<\/div>\n\n\t\t\t\t<\/div>\n\t\t\t\t<\/div>\n\t\t\t\t\t<\/div>\n\t\t<\/div>\n\t\t\t\t\t\t\t<\/div>\n\t\t<\/section>\n\t\t\t\t\t<\/div>\n\t\t<\/div>\n\t\t\t\t\t\t\t<\/div>\n\t\t<\/section>\n\t\t\t\t\t\t\t<\/div>","protected":false},"excerpt":{"rendered":"<p>PROJE ADI YAPI ALANI YIL A\u00c7IKLAMA EBSO H\u0130ZMET B\u0130NASI 8.000 m\u00b2 2024 T\u00dcM STAT\u0130K PROJELER MANDELAS UBUNTU HILLTOWN 1.000 m\u00b2 2023 T\u00dcM STAT\u0130K PROJELER ATILGAN POL\u0130MER 14.000 m\u00b2 2023 T\u00dcM STAT\u0130K PROJELER AVEK \u00dcMRAN\u0130YE SATI\u015e OF\u0130S\u0130 800 m\u00b2 2023 T\u00dcM STAT\u0130K PROJELER SEREL 16.000 m\u00b2 2022 T\u00dcM STAT\u0130K PROJELER AVEK OTOMOT\u0130V \u00c7\u0130\u011eL\u0130 14.000 m\u00b2 2022 [&hellip;]<\/p>","protected":false},"author":1,"featured_media":0,"parent":8899,"menu_order":0,"comment_status":"closed","ping_status":"closed","template":"","meta":{"footnotes":""},"class_list":["post-9842","page","type-page","status-publish","hentry"],"_links":{"self":[{"href":"https:\/\/www.rijitmuhendislik.com\/en\/wp-json\/wp\/v2\/pages\/9842"}],"collection":[{"href":"https:\/\/www.rijitmuhendislik.com\/en\/wp-json\/wp\/v2\/pages"}],"about":[{"href":"https:\/\/www.rijitmuhendislik.com\/en\/wp-json\/wp\/v2\/types\/page"}],"author":[{"embeddable":true,"href":"https:\/\/www.rijitmuhendislik.com\/en\/wp-json\/wp\/v2\/users\/1"}],"replies":[{"embeddable":true,"href":"https:\/\/www.rijitmuhendislik.com\/en\/wp-json\/wp\/v2\/comments?post=9842"}],"version-history":[{"count":19,"href":"https:\/\/www.rijitmuhendislik.com\/en\/wp-json\/wp\/v2\/pages\/9842\/revisions"}],"predecessor-version":[{"id":11840,"href":"https:\/\/www.rijitmuhendislik.com\/en\/wp-json\/wp\/v2\/pages\/9842\/revisions\/11840"}],"up":[{"embeddable":true,"href":"https:\/\/www.rijitmuhendislik.com\/en\/wp-json\/wp\/v2\/pages\/8899"}],"wp:attachment":[{"href":"https:\/\/www.rijitmuhendislik.com\/en\/wp-json\/wp\/v2\/media?parent=9842"}],"curies":[{"name":"wp","href":"https:\/\/api.w.org\/{rel}","templated":true}]}}