{"id":10475,"date":"2023-04-26T15:49:09","date_gmt":"2023-04-26T12:49:09","guid":{"rendered":"https:\/\/zerowebdemo.com\/rijit\/?page_id=10475"},"modified":"2023-04-26T16:01:27","modified_gmt":"2023-04-26T13:01:27","slug":"referanslar","status":"publish","type":"page","link":"https:\/\/www.rijitmuhendislik.com\/en\/references\/","title":{"rendered":"References"},"content":{"rendered":"<div data-elementor-type=\"wp-page\" data-elementor-id=\"10475\" class=\"elementor elementor-10475\">\n\t\t\t\t\t\t\t<div class=\"elementor-element elementor-element-0f2fe2b e-con-boxed e-con\" data-id=\"0f2fe2b\" data-element_type=\"container\" data-settings=\"{&quot;content_width&quot;:&quot;boxed&quot;}\">\n\t\t\t\t\t<div class=\"e-con-inner\">\n\t\t\t\t<div class=\"elementor-element elementor-element-cdc30e2 gallery-spacing-custom elementor-widget elementor-widget-image-gallery\" data-id=\"cdc30e2\" data-element_type=\"widget\" data-widget_type=\"image-gallery.default\">\n\t\t\t\t<div class=\"elementor-widget-container\">\n\t\t\t<style>.elementor-image-gallery .gallery-item{display:inline-block;text-align:center;vertical-align:top;width:100%;max-width:100%;margin:0 auto}.elementor-image-gallery .gallery-item img{margin:0 auto}.elementor-image-gallery .gallery-item .gallery-caption{margin:0}.elementor-image-gallery figure img{display:block}.elementor-image-gallery figure figcaption{width:100%}.gallery-spacing-custom .elementor-image-gallery .gallery-icon{padding:0}@media (min-width:768px){.elementor-image-gallery .gallery-columns-2 .gallery-item{max-width:50%}.elementor-image-gallery .gallery-columns-3 .gallery-item{max-width:33.33%}.elementor-image-gallery .gallery-columns-4 .gallery-item{max-width:25%}.elementor-image-gallery .gallery-columns-5 .gallery-item{max-width:20%}.elementor-image-gallery .gallery-columns-6 .gallery-item{max-width:16.666%}.elementor-image-gallery .gallery-columns-7 .gallery-item{max-width:14.28%}.elementor-image-gallery .gallery-columns-8 .gallery-item{max-width:12.5%}.elementor-image-gallery .gallery-columns-9 .gallery-item{max-width:11.11%}.elementor-image-gallery .gallery-columns-10 .gallery-item{max-width:10%}}@media (min-width:480px) and (max-width:767px){.elementor-image-gallery .gallery.gallery-columns-2 .gallery-item,.elementor-image-gallery .gallery.gallery-columns-3 .gallery-item,.elementor-image-gallery .gallery.gallery-columns-4 .gallery-item,.elementor-image-gallery .gallery.gallery-columns-5 .gallery-item,.elementor-image-gallery .gallery.gallery-columns-6 .gallery-item,.elementor-image-gallery .gallery.gallery-columns-7 .gallery-item,.elementor-image-gallery .gallery.gallery-columns-8 .gallery-item,.elementor-image-gallery .gallery.gallery-columns-9 .gallery-item,.elementor-image-gallery .gallery.gallery-columns-10 .gallery-item{max-width:50%}}@media (max-width:479px){.elementor-image-gallery .gallery.gallery-columns-2 .gallery-item,.elementor-image-gallery .gallery.gallery-columns-3 .gallery-item,.elementor-image-gallery .gallery.gallery-columns-4 .gallery-item,.elementor-image-gallery .gallery.gallery-columns-5 .gallery-item,.elementor-image-gallery .gallery.gallery-columns-6 .gallery-item,.elementor-image-gallery .gallery.gallery-columns-7 .gallery-item,.elementor-image-gallery .gallery.gallery-columns-8 .gallery-item,.elementor-image-gallery .gallery.gallery-columns-9 .gallery-item,.elementor-image-gallery .gallery.gallery-columns-10 .gallery-item{max-width:100%}}<\/style>\t\t<div class=\"elementor-image-gallery\">\n\t\t\t<div id='gallery-1' class='gallery galleryid-10475 gallery-columns-5 gallery-size-full'><figure class='gallery-item'>\n\t\t\t<div class='gallery-icon landscape'>\n\t\t\t\t<img decoding=\"async\" width=\"300\" height=\"250\" src=\"https:\/\/www.rijitmuhendislik.com\/wp-content\/uploads\/2023\/04\/gurtas.jpg\" class=\"attachment-full size-full\" alt=\"\" \/>\n\t\t\t<\/div><\/figure><figure class='gallery-item'>\n\t\t\t<div class='gallery-icon landscape'>\n\t\t\t\t<img decoding=\"async\" width=\"300\" height=\"250\" src=\"data:image\/svg+xml;charset=utf-8,%3Csvg xmlns%3D&#039;http%3A%2F%2Fwww.w3.org%2F2000%2Fsvg&#039; viewBox%3D&#039;0 0 300 250&#039;%2F%3E\" class=\"attachment-full size-full ld-lazyload\" alt=\"\" data-src=\"https:\/\/www.rijitmuhendislik.com\/wp-content\/uploads\/2023\/04\/bakioglu.jpg\" data-aspect=\"1.2\" \/>\n\t\t\t<\/div><\/figure><figure class='gallery-item'>\n\t\t\t<div class='gallery-icon landscape'>\n\t\t\t\t<img decoding=\"async\" width=\"300\" height=\"250\" src=\"data:image\/svg+xml;charset=utf-8,%3Csvg xmlns%3D&#039;http%3A%2F%2Fwww.w3.org%2F2000%2Fsvg&#039; viewBox%3D&#039;0 0 300 250&#039;%2F%3E\" class=\"attachment-full size-full ld-lazyload\" alt=\"\" data-src=\"https:\/\/www.rijitmuhendislik.com\/wp-content\/uploads\/2023\/04\/yakindogu.jpg\" data-aspect=\"1.2\" \/>\n\t\t\t<\/div><\/figure><figure class='gallery-item'>\n\t\t\t<div class='gallery-icon landscape'>\n\t\t\t\t<img decoding=\"async\" width=\"300\" height=\"250\" src=\"data:image\/svg+xml;charset=utf-8,%3Csvg xmlns%3D&#039;http%3A%2F%2Fwww.w3.org%2F2000%2Fsvg&#039; viewBox%3D&#039;0 0 300 250&#039;%2F%3E\" class=\"attachment-full size-full ld-lazyload\" alt=\"\" data-src=\"https:\/\/www.rijitmuhendislik.com\/wp-content\/uploads\/2023\/04\/folkart-1.jpg\" data-aspect=\"1.2\" \/>\n\t\t\t<\/div><\/figure><figure class='gallery-item'>\n\t\t\t<div class='gallery-icon landscape'>\n\t\t\t\t<img decoding=\"async\" width=\"300\" height=\"250\" src=\"data:image\/svg+xml;charset=utf-8,%3Csvg xmlns%3D&#039;http%3A%2F%2Fwww.w3.org%2F2000%2Fsvg&#039; viewBox%3D&#039;0 0 300 250&#039;%2F%3E\" class=\"attachment-full size-full ld-lazyload\" alt=\"\" data-src=\"https:\/\/www.rijitmuhendislik.com\/wp-content\/uploads\/2023\/04\/kuryap.jpg\" data-aspect=\"1.2\" \/>\n\t\t\t<\/div><\/figure><figure class='gallery-item'>\n\t\t\t<div class='gallery-icon landscape'>\n\t\t\t\t<img decoding=\"async\" width=\"300\" height=\"250\" src=\"data:image\/svg+xml;charset=utf-8,%3Csvg xmlns%3D&#039;http%3A%2F%2Fwww.w3.org%2F2000%2Fsvg&#039; viewBox%3D&#039;0 0 300 250&#039;%2F%3E\" class=\"attachment-full size-full ld-lazyload\" alt=\"\" data-src=\"https:\/\/www.rijitmuhendislik.com\/wp-content\/uploads\/2023\/04\/vercon.jpg\" data-aspect=\"1.2\" \/>\n\t\t\t<\/div><\/figure><figure class='gallery-item'>\n\t\t\t<div class='gallery-icon landscape'>\n\t\t\t\t<img decoding=\"async\" width=\"300\" height=\"250\" src=\"data:image\/svg+xml;charset=utf-8,%3Csvg xmlns%3D&#039;http%3A%2F%2Fwww.w3.org%2F2000%2Fsvg&#039; viewBox%3D&#039;0 0 300 250&#039;%2F%3E\" class=\"attachment-full size-full ld-lazyload\" alt=\"\" data-src=\"https:\/\/www.rijitmuhendislik.com\/wp-content\/uploads\/2023\/04\/birok.jpg\" data-aspect=\"1.2\" \/>\n\t\t\t<\/div><\/figure><figure class='gallery-item'>\n\t\t\t<div class='gallery-icon landscape'>\n\t\t\t\t<img decoding=\"async\" width=\"300\" height=\"250\" src=\"data:image\/svg+xml;charset=utf-8,%3Csvg xmlns%3D&#039;http%3A%2F%2Fwww.w3.org%2F2000%2Fsvg&#039; viewBox%3D&#039;0 0 300 250&#039;%2F%3E\" class=\"attachment-full size-full ld-lazyload\" alt=\"\" data-src=\"https:\/\/www.rijitmuhendislik.com\/wp-content\/uploads\/2023\/04\/vestel.jpg\" data-aspect=\"1.2\" \/>\n\t\t\t<\/div><\/figure><figure class='gallery-item'>\n\t\t\t<div class='gallery-icon landscape'>\n\t\t\t\t<img decoding=\"async\" width=\"300\" height=\"250\" src=\"data:image\/svg+xml;charset=utf-8,%3Csvg xmlns%3D&#039;http%3A%2F%2Fwww.w3.org%2F2000%2Fsvg&#039; viewBox%3D&#039;0 0 300 250&#039;%2F%3E\" class=\"attachment-full size-full ld-lazyload\" alt=\"\" data-src=\"https:\/\/www.rijitmuhendislik.com\/wp-content\/uploads\/2023\/04\/alosbi.jpg\" data-aspect=\"1.2\" \/>\n\t\t\t<\/div><\/figure><figure class='gallery-item'>\n\t\t\t<div class='gallery-icon landscape'>\n\t\t\t\t<img decoding=\"async\" width=\"300\" height=\"250\" src=\"data:image\/svg+xml;charset=utf-8,%3Csvg xmlns%3D&#039;http%3A%2F%2Fwww.w3.org%2F2000%2Fsvg&#039; viewBox%3D&#039;0 0 300 250&#039;%2F%3E\" class=\"attachment-full size-full ld-lazyload\" alt=\"\" data-src=\"https:\/\/www.rijitmuhendislik.com\/wp-content\/uploads\/2023\/04\/mos.jpg\" data-aspect=\"1.2\" \/>\n\t\t\t<\/div><\/figure><figure class='gallery-item'>\n\t\t\t<div class='gallery-icon landscape'>\n\t\t\t\t<img decoding=\"async\" width=\"300\" height=\"250\" src=\"data:image\/svg+xml;charset=utf-8,%3Csvg xmlns%3D&#039;http%3A%2F%2Fwww.w3.org%2F2000%2Fsvg&#039; viewBox%3D&#039;0 0 300 250&#039;%2F%3E\" class=\"attachment-full size-full ld-lazyload\" alt=\"\" data-src=\"https:\/\/www.rijitmuhendislik.com\/wp-content\/uploads\/2023\/04\/itob.jpg\" data-aspect=\"1.2\" \/>\n\t\t\t<\/div><\/figure><figure class='gallery-item'>\n\t\t\t<div class='gallery-icon landscape'>\n\t\t\t\t<img decoding=\"async\" width=\"300\" height=\"250\" src=\"data:image\/svg+xml;charset=utf-8,%3Csvg xmlns%3D&#039;http%3A%2F%2Fwww.w3.org%2F2000%2Fsvg&#039; viewBox%3D&#039;0 0 300 250&#039;%2F%3E\" class=\"attachment-full size-full ld-lazyload\" alt=\"\" data-src=\"https:\/\/www.rijitmuhendislik.com\/wp-content\/uploads\/2023\/04\/tireosb.jpg\" data-aspect=\"1.2\" \/>\n\t\t\t<\/div><\/figure><figure class='gallery-item'>\n\t\t\t<div class='gallery-icon landscape'>\n\t\t\t\t<img decoding=\"async\" width=\"300\" height=\"250\" src=\"data:image\/svg+xml;charset=utf-8,%3Csvg xmlns%3D&#039;http%3A%2F%2Fwww.w3.org%2F2000%2Fsvg&#039; viewBox%3D&#039;0 0 300 250&#039;%2F%3E\" class=\"attachment-full size-full ld-lazyload\" alt=\"\" data-src=\"https:\/\/www.rijitmuhendislik.com\/wp-content\/uploads\/2023\/04\/iaosb.jpg\" data-aspect=\"1.2\" \/>\n\t\t\t<\/div><\/figure><figure class='gallery-item'>\n\t\t\t<div class='gallery-icon landscape'>\n\t\t\t\t<img decoding=\"async\" width=\"300\" height=\"250\" src=\"data:image\/svg+xml;charset=utf-8,%3Csvg xmlns%3D&#039;http%3A%2F%2Fwww.w3.org%2F2000%2Fsvg&#039; viewBox%3D&#039;0 0 300 250&#039;%2F%3E\" class=\"attachment-full size-full ld-lazyload\" alt=\"\" data-src=\"https:\/\/www.rijitmuhendislik.com\/wp-content\/uploads\/2023\/04\/ebso.jpg\" data-aspect=\"1.2\" \/>\n\t\t\t<\/div><\/figure><figure class='gallery-item'>\n\t\t\t<div class='gallery-icon landscape'>\n\t\t\t\t<img decoding=\"async\" width=\"300\" height=\"250\" src=\"data:image\/svg+xml;charset=utf-8,%3Csvg xmlns%3D&#039;http%3A%2F%2Fwww.w3.org%2F2000%2Fsvg&#039; viewBox%3D&#039;0 0 300 250&#039;%2F%3E\" class=\"attachment-full size-full ld-lazyload\" alt=\"\" data-src=\"https:\/\/www.rijitmuhendislik.com\/wp-content\/uploads\/2023\/04\/ito.jpg\" data-aspect=\"1.2\" \/>\n\t\t\t<\/div><\/figure><figure class='gallery-item'>\n\t\t\t<div class='gallery-icon landscape'>\n\t\t\t\t<img decoding=\"async\" width=\"300\" height=\"250\" src=\"data:image\/svg+xml;charset=utf-8,%3Csvg xmlns%3D&#039;http%3A%2F%2Fwww.w3.org%2F2000%2Fsvg&#039; viewBox%3D&#039;0 0 300 250&#039;%2F%3E\" class=\"attachment-full size-full ld-lazyload\" alt=\"\" data-src=\"https:\/\/www.rijitmuhendislik.com\/wp-content\/uploads\/2023\/04\/esbas.jpg\" data-aspect=\"1.2\" \/>\n\t\t\t<\/div><\/figure><figure class='gallery-item'>\n\t\t\t<div class='gallery-icon landscape'>\n\t\t\t\t<img decoding=\"async\" width=\"300\" height=\"250\" src=\"data:image\/svg+xml;charset=utf-8,%3Csvg xmlns%3D&#039;http%3A%2F%2Fwww.w3.org%2F2000%2Fsvg&#039; viewBox%3D&#039;0 0 300 250&#039;%2F%3E\" class=\"attachment-full size-full ld-lazyload\" alt=\"\" data-src=\"https:\/\/www.rijitmuhendislik.com\/wp-content\/uploads\/2023\/04\/imo.jpg\" data-aspect=\"1.2\" \/>\n\t\t\t<\/div><\/figure>\n\t\t<\/div>\n\t\t<\/div>\n\t\t\t\t<\/div>\n\t\t\t\t<\/div>\n\t\t\t\t\t<\/div>\n\t\t\t\t<\/div>\n\t\t\t\t<section class=\"elementor-section elementor-top-section elementor-element elementor-element-be62cae elementor-section-full_width elementor-section-height-default elementor-section-height-default\" data-id=\"be62cae\" data-element_type=\"section\" data-settings=\"{&quot;background_background&quot;:&quot;classic&quot;}\">\n\t\t\t\t\t\t<div class=\"elementor-container elementor-column-gap-no\">\n\t\t\t\t\t<div class=\"elementor-column elementor-col-100 elementor-top-column elementor-element elementor-element-331d9a3\" data-id=\"331d9a3\" data-element_type=\"column\">\n\t\t\t<div class=\"elementor-widget-wrap elementor-element-populated\">\n\t\t\t\t\t\t\t\t<section data-custom-animations=\"true\" data-ca-options=\"{&quot;addChildTimelines&quot;:false,&quot;animationTarget&quot;:&quot;:scope &gt; .elementor-container &gt; .elementor-column&quot;,&quot;ease&quot;:[&quot;power4.out&quot;],&quot;initValues&quot;:{&quot;x&quot;:&quot;60px&quot;,&quot;rotationY&quot;:-30,&quot;opacity&quot;:0},&quot;animations&quot;:{&quot;x&quot;:&quot;0px&quot;,&quot;rotationY&quot;:0,&quot;opacity&quot;:1}}\" class=\"elementor-section elementor-inner-section elementor-element elementor-element-d91998a elementor-section-boxed elementor-section-height-default elementor-section-height-default\" data-id=\"d91998a\" data-element_type=\"section\">\n\t\t\t\t\t\t<div class=\"elementor-container elementor-column-gap-default\">\n\t\t\t\t\t<div class=\"elementor-column elementor-col-33 elementor-inner-column elementor-element elementor-element-d84e865\" data-id=\"d84e865\" data-element_type=\"column\">\n\t\t\t<div class=\"elementor-widget-wrap elementor-element-populated\">\n\t\t\t\t\t\t\t\t<div class=\"elementor-element elementor-element-25346d4 elementor-align-left elementor-widget elementor-widget-ld_icon_box\" data-id=\"25346d4\" data-element_type=\"widget\" data-widget_type=\"ld_icon_box.default\">\n\t\t\t\t<div class=\"elementor-widget-container\">\n\t\t\t\n\t\t\t<div id=\"ld_icon_box_25346d4\" class=\"iconbox d-flex flex-grow-1 pos-rel flex-column iconbox-default\"   >\n\t\t\t\t\n\t\t\t\t\t\n\t\t\t\t\n\t\t\t\t<div class=\"iconbox-icon-wrap\"><div class=\"iconbox-icon-container d-inline-flex\"><i aria-hidden=\"true\" class=\"lqd-icn-ess icon-lqd-circle\"><\/i><\/div><\/div>\t\t\t\t\n\t\t\t\t\t\t\t\t\n\t\t\t\t<div class=\"contents\">\t\t\t\t\n\t\t\t\t\t\t\t\t\n\t\t\t\t<h3 class=\"lqd-iconbox-heading\" >Rijit Project <\/h3>\t\t\t\t<p class=\"lqd-iconbox-content\">Started in 2013, our company has been working in the fields of industrial buildings, solar power plants, shopping malls and housing projects.<\/p>\n\t\t\t\t\t\n\t\t\t\t<a href=\"https:\/\/www.rijitmuhendislik.com\/en\/rijit-project\/\" class=\"elementor-button btn align-items-center justify-content-center pos-rel overflow-hidden ws-nowrap btn-naked btn-hover-txt-liquid-x btn-icon-right btn-has-label\" >\n\t\t\t\t\t\t\t\t\t\t<span class=\"btn-txt d-block pos-rel z-index-3\"  data-text=\"\u0130ncele\" data-split-text=\"true\" data-split-options='{\"type\": \"chars, words\"}'>\n\t\t\t\t\t\t\t\t\t\t\t\t\tReview\t\t\t\t\t\t\t\t\t\t\t<\/span>\n\t\t\t\t\t\t\t\t\t<span class=\"btn-icon pos-rel z-index-3\"><i class=\"lqd-icn-ess icon-ion-ios-arrow-forward\"><\/i><\/span>\t\t\t\t<\/a>\n\n\t\t\t\t\t\t\t\t\n\t\t\t\t<\/div>\t\t\t\t\n\t\t\t\t<a href=\"https:\/\/www.rijitmuhendislik.com\/en\/rijit-project\/\" class=\"lqd-overlay z-index-2\" target=\"_self\"><\/a>\n\t\t\t<\/div>\n\n\t\t\t\t<\/div>\n\t\t\t\t<\/div>\n\t\t\t\t\t<\/div>\n\t\t<\/div>\n\t\t\t\t<div class=\"elementor-column elementor-col-33 elementor-inner-column elementor-element elementor-element-662db91\" data-id=\"662db91\" data-element_type=\"column\">\n\t\t\t<div class=\"elementor-widget-wrap elementor-element-populated\">\n\t\t\t\t\t\t\t\t<div class=\"elementor-element elementor-element-142341f elementor-align-left elementor-widget elementor-widget-ld_icon_box\" data-id=\"142341f\" data-element_type=\"widget\" data-widget_type=\"ld_icon_box.default\">\n\t\t\t\t<div class=\"elementor-widget-container\">\n\t\t\t\n\t\t\t<div id=\"ld_icon_box_142341f\" class=\"iconbox d-flex flex-grow-1 pos-rel flex-column iconbox-default\"   >\n\t\t\t\t\n\t\t\t\t\t\n\t\t\t\t\n\t\t\t\t<div class=\"iconbox-icon-wrap\"><div class=\"iconbox-icon-container d-inline-flex\"><i aria-hidden=\"true\" class=\"lqd-icn-ess icon-lqd-circle\"><\/i><\/div><\/div>\t\t\t\t\n\t\t\t\t\t\t\t\t\n\t\t\t\t<div class=\"contents\">\t\t\t\t\n\t\t\t\t\t\t\t\t\n\t\t\t\t<h3 class=\"lqd-iconbox-heading\" >Rijit Structural Steel <\/h3>\t\t\t\t<p class=\"lqd-iconbox-content\">At Rijit Structural Steel, the project team, survey team, fabrication and erection team work together in an unprecedented collective effort.<\/p>\n\t\t\t\t\t\n\t\t\t\t<a href=\"https:\/\/www.rijitmuhendislik.com\/en\/structural-precision\/\" class=\"elementor-button btn align-items-center justify-content-center pos-rel overflow-hidden ws-nowrap btn-naked btn-hover-txt-liquid-x btn-icon-right btn-has-label\" >\n\t\t\t\t\t\t\t\t\t\t<span class=\"btn-txt d-block pos-rel z-index-3\"  data-text=\"\u0130ncele\" data-split-text=\"true\" data-split-options='{\"type\": \"chars, words\"}'>\n\t\t\t\t\t\t\t\t\t\t\t\t\tReview\t\t\t\t\t\t\t\t\t\t\t<\/span>\n\t\t\t\t\t\t\t\t\t<span class=\"btn-icon pos-rel z-index-3\"><i class=\"lqd-icn-ess icon-ion-ios-arrow-forward\"><\/i><\/span>\t\t\t\t<\/a>\n\n\t\t\t\t\t\t\t\t\n\t\t\t\t<\/div>\t\t\t\t\n\t\t\t\t<a href=\"https:\/\/www.rijitmuhendislik.com\/en\/structural-precision\/\" class=\"lqd-overlay z-index-2\" target=\"_self\"><\/a>\n\t\t\t<\/div>\n\n\t\t\t\t<\/div>\n\t\t\t\t<\/div>\n\t\t\t\t\t<\/div>\n\t\t<\/div>\n\t\t\t\t<div class=\"elementor-column elementor-col-33 elementor-inner-column elementor-element elementor-element-8676af1\" data-id=\"8676af1\" data-element_type=\"column\">\n\t\t\t<div class=\"elementor-widget-wrap elementor-element-populated\">\n\t\t\t\t\t\t\t\t<div class=\"elementor-element elementor-element-1232d9e elementor-align-left elementor-widget elementor-widget-ld_icon_box\" data-id=\"1232d9e\" data-element_type=\"widget\" data-widget_type=\"ld_icon_box.default\">\n\t\t\t\t<div class=\"elementor-widget-container\">\n\t\t\t\n\t\t\t<div id=\"ld_icon_box_1232d9e\" class=\"iconbox d-flex flex-grow-1 pos-rel flex-column iconbox-default\"   >\n\t\t\t\t\n\t\t\t\t\t\n\t\t\t\t\n\t\t\t\t<div class=\"iconbox-icon-wrap\"><div class=\"iconbox-icon-container d-inline-flex\"><i aria-hidden=\"true\" class=\"lqd-icn-ess icon-lqd-circle\"><\/i><\/div><\/div>\t\t\t\t\n\t\t\t\t\t\t\t\t\n\t\t\t\t<div class=\"contents\">\t\t\t\t\n\t\t\t\t\t\t\t\t\n\t\t\t\t<h3 class=\"lqd-iconbox-heading\" >Rijit Academy <\/h3>\t\t\t\t<p class=\"lqd-iconbox-content\">Rijit Academy, an initiative of our company, aims to provide free professional trainings to young engineers.<\/p>\n\t\t\t\t\t\n\t\t\t\t<a href=\"https:\/\/www.rijitmuhendislik.com\/en\/rijit-academy\/\" class=\"elementor-button btn align-items-center justify-content-center pos-rel overflow-hidden ws-nowrap btn-naked btn-hover-txt-liquid-x btn-icon-right btn-has-label\" >\n\t\t\t\t\t\t\t\t\t\t<span class=\"btn-txt d-block pos-rel z-index-3\"  data-text=\"\u0130ncele\" data-split-text=\"true\" data-split-options='{\"type\": \"chars, words\"}'>\n\t\t\t\t\t\t\t\t\t\t\t\t\tReview\t\t\t\t\t\t\t\t\t\t\t<\/span>\n\t\t\t\t\t\t\t\t\t<span class=\"btn-icon pos-rel z-index-3\"><i class=\"lqd-icn-ess icon-ion-ios-arrow-forward\"><\/i><\/span>\t\t\t\t<\/a>\n\n\t\t\t\t\t\t\t\t\n\t\t\t\t<\/div>\t\t\t\t\n\t\t\t\t<a href=\"https:\/\/www.rijitmuhendislik.com\/en\/rijit-academy\/\" class=\"lqd-overlay z-index-2\" target=\"_self\"><\/a>\n\t\t\t<\/div>\n\n\t\t\t\t<\/div>\n\t\t\t\t<\/div>\n\t\t\t\t\t<\/div>\n\t\t<\/div>\n\t\t\t\t\t\t\t<\/div>\n\t\t<\/section>\n\t\t\t\t\t<\/div>\n\t\t<\/div>\n\t\t\t\t\t\t\t<\/div>\n\t\t<\/section>\n\t\t\t\t\t\t\t<\/div>","protected":false},"excerpt":{"rendered":"<p>Rijit Proje 2013 y\u0131l\u0131nda hizmete ba\u015flayan firmam\u0131z, sanayi yap\u0131lar\u0131, g\u00fcne\u015f enerji santralleri, avm, konut projeleri dallar\u0131nda \u00e7al\u0131\u015fmalar y\u00fcr\u00fctmektedir. \u0130ncele Rijit Yap\u0131sal \u00c7elik Rijit Yap\u0131sal \u00c7elik&#8217;de, proje ekibi, harita ekibi, imalat ve montaj ekibi benzeri g\u00f6r\u00fclmeyen kolektif \u00e7al\u0131\u015fmalara imza atmaktad\u0131r. \u0130ncele Rijit Akademi Firmam\u0131z\u0131n giri\u015fimi olan Rijit Akademi, gen\u00e7 m\u00fchendislere \u00fccretsiz meslek i\u00e7i e\u011fitimler sunmay\u0131 ama\u00e7layan [&hellip;]<\/p>","protected":false},"author":1,"featured_media":0,"parent":0,"menu_order":0,"comment_status":"closed","ping_status":"closed","template":"","meta":{"footnotes":""},"class_list":["post-10475","page","type-page","status-publish","hentry"],"_links":{"self":[{"href":"https:\/\/www.rijitmuhendislik.com\/en\/wp-json\/wp\/v2\/pages\/10475"}],"collection":[{"href":"https:\/\/www.rijitmuhendislik.com\/en\/wp-json\/wp\/v2\/pages"}],"about":[{"href":"https:\/\/www.rijitmuhendislik.com\/en\/wp-json\/wp\/v2\/types\/page"}],"author":[{"embeddable":true,"href":"https:\/\/www.rijitmuhendislik.com\/en\/wp-json\/wp\/v2\/users\/1"}],"replies":[{"embeddable":true,"href":"https:\/\/www.rijitmuhendislik.com\/en\/wp-json\/wp\/v2\/comments?post=10475"}],"version-history":[{"count":16,"href":"https:\/\/www.rijitmuhendislik.com\/en\/wp-json\/wp\/v2\/pages\/10475\/revisions"}],"predecessor-version":[{"id":10527,"href":"https:\/\/www.rijitmuhendislik.com\/en\/wp-json\/wp\/v2\/pages\/10475\/revisions\/10527"}],"wp:attachment":[{"href":"https:\/\/www.rijitmuhendislik.com\/en\/wp-json\/wp\/v2\/media?parent=10475"}],"curies":[{"name":"wp","href":"https:\/\/api.w.org\/{rel}","templated":true}]}}